{"id":13,"date":"2021-09-28T22:01:54","date_gmt":"2021-09-28T20:01:54","guid":{"rendered":"https:\/\/budachowianki.pl\/?page_id=13"},"modified":"2025-07-24T12:41:05","modified_gmt":"2025-07-24T10:41:05","slug":"kontakt","status":"publish","type":"page","link":"https:\/\/budachowianki.pl\/index.php\/kontakt\/","title":{"rendered":"Kontakt"},"content":{"rendered":"\n<p>Ko\u0142o Gospody\u0144 Wiejskich &#8222;BUDACHOWIANKI&#8221;<br>Budach\u00f3w 1<br>66-630 Budach\u00f3w<br>kgw @ budachow.pl<br>NIP 9261684887<br>REGON 387091741<br>Krajowy Rejestr K\u00f3\u0142 Gospody\u0144 Wiejskich 0802030001<\/p>\n\n\n\n<p><\/p>\n\n\n\n<p><\/p>\n\n\n\n<p><a href=\"http:\/\/facebook.com\/Budachowianki\/\" data-type=\"URL\" data-id=\"facebook.com\/Budachowianki\/\">facebook.com\/Budachowianki<\/a><\/p>\n","protected":false},"excerpt":{"rendered":"<p>Ko\u0142o Gospody\u0144 Wiejskich &#8222;BUDACHOWIANKI&#8221;Budach\u00f3w 166-630 Budach\u00f3wkgw @ budachow.plNIP 9261684887REGON 387091741Krajowy Rejestr K\u00f3\u0142 Gospody\u0144 Wiejskich 0802030001 facebook.com\/Budachowianki<\/p>\n","protected":false},"author":1,"featured_media":0,"parent":0,"menu_order":0,"comment_status":"closed","ping_status":"closed","template":"","meta":{"_kad_blocks_custom_css":"","_kad_blocks_head_custom_js":"","_kad_blocks_body_custom_js":"","_kad_blocks_footer_custom_js":"","_kad_post_transparent":"","_kad_post_title":"","_kad_post_layout":"","_kad_post_sidebar_id":"","_kad_post_content_style":"","_kad_post_vertical_padding":"","_kad_post_feature":"","_kad_post_feature_position":"","_kad_post_header":false,"_kad_post_footer":false,"footnotes":""},"class_list":["post-13","page","type-page","status-publish","hentry"],"yoast_head":"<!-- This site is optimized with the Yoast SEO plugin v24.4 - https:\/\/yoast.com\/wordpress\/plugins\/seo\/ -->\n<title>Kontakt - KGW Budachowianki<\/title>\n<meta name=\"robots\" content=\"index, follow, max-snippet:-1, max-image-preview:large, max-video-preview:-1\" \/>\n<link rel=\"canonical\" href=\"https:\/\/budachowianki.pl\/index.php\/kontakt\/\" \/>\n<meta property=\"og:locale\" content=\"pl_PL\" \/>\n<meta property=\"og:type\" content=\"article\" \/>\n<meta property=\"og:title\" content=\"Kontakt - KGW Budachowianki\" \/>\n<meta property=\"og:description\" content=\"Ko\u0142o Gospody\u0144 Wiejskich &#8222;BUDACHOWIANKI&#8221;Budach\u00f3w 166-630 Budach\u00f3wkgw @ budachow.plNIP 9261684887REGON 387091741Krajowy Rejestr K\u00f3\u0142 Gospody\u0144 Wiejskich 0802030001 facebook.com\/Budachowianki\" \/>\n<meta property=\"og:url\" content=\"https:\/\/budachowianki.pl\/index.php\/kontakt\/\" \/>\n<meta property=\"og:site_name\" content=\"KGW Budachowianki\" \/>\n<meta property=\"article:publisher\" content=\"https:\/\/www.facebook.com\/Budachowianki\" \/>\n<meta property=\"article:modified_time\" content=\"2025-07-24T10:41:05+00:00\" \/>\n<meta name=\"twitter:card\" content=\"summary_large_image\" \/>\n<meta name=\"twitter:label1\" content=\"Szacowany czas czytania\" \/>\n\t<meta name=\"twitter:data1\" content=\"1 minuta\" \/>\n<script type=\"application\/ld+json\" class=\"yoast-schema-graph\">{\"@context\":\"https:\/\/schema.org\",\"@graph\":[{\"@type\":\"WebPage\",\"@id\":\"https:\/\/budachowianki.pl\/index.php\/kontakt\/\",\"url\":\"https:\/\/budachowianki.pl\/index.php\/kontakt\/\",\"name\":\"Kontakt - KGW Budachowianki\",\"isPartOf\":{\"@id\":\"https:\/\/budachowianki.pl\/#website\"},\"datePublished\":\"2021-09-28T20:01:54+00:00\",\"dateModified\":\"2025-07-24T10:41:05+00:00\",\"breadcrumb\":{\"@id\":\"https:\/\/budachowianki.pl\/index.php\/kontakt\/#breadcrumb\"},\"inLanguage\":\"pl-PL\",\"potentialAction\":[{\"@type\":\"ReadAction\",\"target\":[\"https:\/\/budachowianki.pl\/index.php\/kontakt\/\"]}]},{\"@type\":\"BreadcrumbList\",\"@id\":\"https:\/\/budachowianki.pl\/index.php\/kontakt\/#breadcrumb\",\"itemListElement\":[{\"@type\":\"ListItem\",\"position\":1,\"name\":\"Strona g\u0142\u00f3wna\",\"item\":\"https:\/\/budachowianki.pl\/\"},{\"@type\":\"ListItem\",\"position\":2,\"name\":\"Kontakt\"}]},{\"@type\":\"WebSite\",\"@id\":\"https:\/\/budachowianki.pl\/#website\",\"url\":\"https:\/\/budachowianki.pl\/\",\"name\":\"KGW Budachowianki\",\"description\":\"Ko\u0142o Gospody\u0144 Wiejskich Budachowianki\",\"publisher\":{\"@id\":\"https:\/\/budachowianki.pl\/#organization\"},\"potentialAction\":[{\"@type\":\"SearchAction\",\"target\":{\"@type\":\"EntryPoint\",\"urlTemplate\":\"https:\/\/budachowianki.pl\/?s={search_term_string}\"},\"query-input\":{\"@type\":\"PropertyValueSpecification\",\"valueRequired\":true,\"valueName\":\"search_term_string\"}}],\"inLanguage\":\"pl-PL\"},{\"@type\":\"Organization\",\"@id\":\"https:\/\/budachowianki.pl\/#organization\",\"name\":\"KGW Budachowianki\",\"url\":\"https:\/\/budachowianki.pl\/\",\"logo\":{\"@type\":\"ImageObject\",\"inLanguage\":\"pl-PL\",\"@id\":\"https:\/\/budachowianki.pl\/#\/schema\/logo\/image\/\",\"url\":\"https:\/\/budachowianki.pl\/wp-content\/uploads\/2021\/09\/cropped-Budachowianki-logo-2020-09-25.png\",\"contentUrl\":\"https:\/\/budachowianki.pl\/wp-content\/uploads\/2021\/09\/cropped-Budachowianki-logo-2020-09-25.png\",\"width\":600,\"height\":600,\"caption\":\"KGW Budachowianki\"},\"image\":{\"@id\":\"https:\/\/budachowianki.pl\/#\/schema\/logo\/image\/\"},\"sameAs\":[\"https:\/\/www.facebook.com\/Budachowianki\"]}]}<\/script>\n<!-- \/ Yoast SEO plugin. -->","yoast_head_json":{"title":"Kontakt - KGW Budachowianki","robots":{"index":"index","follow":"follow","max-snippet":"max-snippet:-1","max-image-preview":"max-image-preview:large","max-video-preview":"max-video-preview:-1"},"canonical":"https:\/\/budachowianki.pl\/index.php\/kontakt\/","og_locale":"pl_PL","og_type":"article","og_title":"Kontakt - KGW Budachowianki","og_description":"Ko\u0142o Gospody\u0144 Wiejskich &#8222;BUDACHOWIANKI&#8221;Budach\u00f3w 166-630 Budach\u00f3wkgw @ budachow.plNIP 9261684887REGON 387091741Krajowy Rejestr K\u00f3\u0142 Gospody\u0144 Wiejskich 0802030001 facebook.com\/Budachowianki","og_url":"https:\/\/budachowianki.pl\/index.php\/kontakt\/","og_site_name":"KGW Budachowianki","article_publisher":"https:\/\/www.facebook.com\/Budachowianki","article_modified_time":"2025-07-24T10:41:05+00:00","twitter_card":"summary_large_image","twitter_misc":{"Szacowany czas czytania":"1 minuta"},"schema":{"@context":"https:\/\/schema.org","@graph":[{"@type":"WebPage","@id":"https:\/\/budachowianki.pl\/index.php\/kontakt\/","url":"https:\/\/budachowianki.pl\/index.php\/kontakt\/","name":"Kontakt - KGW Budachowianki","isPartOf":{"@id":"https:\/\/budachowianki.pl\/#website"},"datePublished":"2021-09-28T20:01:54+00:00","dateModified":"2025-07-24T10:41:05+00:00","breadcrumb":{"@id":"https:\/\/budachowianki.pl\/index.php\/kontakt\/#breadcrumb"},"inLanguage":"pl-PL","potentialAction":[{"@type":"ReadAction","target":["https:\/\/budachowianki.pl\/index.php\/kontakt\/"]}]},{"@type":"BreadcrumbList","@id":"https:\/\/budachowianki.pl\/index.php\/kontakt\/#breadcrumb","itemListElement":[{"@type":"ListItem","position":1,"name":"Strona g\u0142\u00f3wna","item":"https:\/\/budachowianki.pl\/"},{"@type":"ListItem","position":2,"name":"Kontakt"}]},{"@type":"WebSite","@id":"https:\/\/budachowianki.pl\/#website","url":"https:\/\/budachowianki.pl\/","name":"KGW Budachowianki","description":"Ko\u0142o Gospody\u0144 Wiejskich Budachowianki","publisher":{"@id":"https:\/\/budachowianki.pl\/#organization"},"potentialAction":[{"@type":"SearchAction","target":{"@type":"EntryPoint","urlTemplate":"https:\/\/budachowianki.pl\/?s={search_term_string}"},"query-input":{"@type":"PropertyValueSpecification","valueRequired":true,"valueName":"search_term_string"}}],"inLanguage":"pl-PL"},{"@type":"Organization","@id":"https:\/\/budachowianki.pl\/#organization","name":"KGW Budachowianki","url":"https:\/\/budachowianki.pl\/","logo":{"@type":"ImageObject","inLanguage":"pl-PL","@id":"https:\/\/budachowianki.pl\/#\/schema\/logo\/image\/","url":"https:\/\/budachowianki.pl\/wp-content\/uploads\/2021\/09\/cropped-Budachowianki-logo-2020-09-25.png","contentUrl":"https:\/\/budachowianki.pl\/wp-content\/uploads\/2021\/09\/cropped-Budachowianki-logo-2020-09-25.png","width":600,"height":600,"caption":"KGW Budachowianki"},"image":{"@id":"https:\/\/budachowianki.pl\/#\/schema\/logo\/image\/"},"sameAs":["https:\/\/www.facebook.com\/Budachowianki"]}]}},"taxonomy_info":[],"featured_image_src_large":false,"author_info":{"display_name":"admin","author_link":"https:\/\/budachowianki.pl\/index.php\/author\/admin\/"},"comment_info":0,"_links":{"self":[{"href":"https:\/\/budachowianki.pl\/index.php\/wp-json\/wp\/v2\/pages\/13","targetHints":{"allow":["GET"]}}],"collection":[{"href":"https:\/\/budachowianki.pl\/index.php\/wp-json\/wp\/v2\/pages"}],"about":[{"href":"https:\/\/budachowianki.pl\/index.php\/wp-json\/wp\/v2\/types\/page"}],"author":[{"embeddable":true,"href":"https:\/\/budachowianki.pl\/index.php\/wp-json\/wp\/v2\/users\/1"}],"replies":[{"embeddable":true,"href":"https:\/\/budachowianki.pl\/index.php\/wp-json\/wp\/v2\/comments?post=13"}],"version-history":[{"count":5,"href":"https:\/\/budachowianki.pl\/index.php\/wp-json\/wp\/v2\/pages\/13\/revisions"}],"predecessor-version":[{"id":147,"href":"https:\/\/budachowianki.pl\/index.php\/wp-json\/wp\/v2\/pages\/13\/revisions\/147"}],"wp:attachment":[{"href":"https:\/\/budachowianki.pl\/index.php\/wp-json\/wp\/v2\/media?parent=13"}],"curies":[{"name":"wp","href":"https:\/\/api.w.org\/{rel}","templated":true}]}}