{"id":15,"date":"2021-09-28T22:03:16","date_gmt":"2021-09-28T20:03:16","guid":{"rendered":"https:\/\/budachowianki.pl\/?page_id=15"},"modified":"2025-07-24T12:38:43","modified_gmt":"2025-07-24T10:38:43","slug":"o-nas","status":"publish","type":"page","link":"https:\/\/budachowianki.pl\/","title":{"rendered":"O nas"},"content":{"rendered":"\n<p>Kochamy \u017cycie na wsi i chcemy to tak\u017ce pokaza\u0107 innym. Tradycja, mi\u0142o\u015b\u0107 do natury, szacunek dla ziemi &#8211; to wszystko nas \u0142\u0105czy w grup\u0119 os\u00f3b szanuj\u0105cych to, co nas otacza. Szczeg\u00f3ln\u0105 uwag\u0119 zwracamy na problemy zwi\u0105zane z degradacj\u0105 \u015brodowiska, wymieraniem dzikich gatunk\u00f3w zwierz\u0105t i ubo\u017ceniem gleb. Staramy si\u0119 poprzez nasze proste dzia\u0142ania i ma\u0142e kroki eliminowa\u0107 ilo\u015b\u0107 \u015bmieci i odpad\u00f3w z naszych gospodarstw domowych.<\/p>\n\n\n\n<p>Wsp\u00f3\u0142pracujemy z Ekologicznym Zespo\u0142em Parafialnym i Anielskimi Ogrodami, w ramach akcji \u201cMniej \u015bmieci &#8211; wi\u0119cej pami\u0119ci\u201d. Pokazujemy, ze mo\u017cna wi\u0107 pi\u0119kne wianki z naturalnych kwiat\u00f3w i zi\u00f3\u0142, kt\u00f3re mog\u0105 zdobi\u0107 nasze domy i obej\u015bcia, zamiast sztucznych kwiat\u00f3w. Promujemy w\u0142asnor\u0119czne robione ekologiczne (biodegradowalne) ozdoby na cmentarze, kt\u00f3re nie b\u0119d\u0105 si\u0119 przyczynia\u0142y do powstawania ton plastikowych \u015bmieci wok\u00f3\u0142 nas.<\/p>\n\n\n\n<figure class=\"wp-block-image size-large\"><a href=\"https:\/\/budachowianki.pl\/wp-content\/uploads\/2022\/09\/KGW-Budachowianki-201018-152634.jpg\"><img loading=\"lazy\" decoding=\"async\" width=\"1024\" height=\"683\" src=\"https:\/\/budachowianki.pl\/wp-content\/uploads\/2022\/09\/KGW-Budachowianki-201018-152634-1024x683.jpg\" alt=\"\" class=\"wp-image-140\" srcset=\"https:\/\/budachowianki.pl\/wp-content\/uploads\/2022\/09\/KGW-Budachowianki-201018-152634-1024x683.jpg 1024w, https:\/\/budachowianki.pl\/wp-content\/uploads\/2022\/09\/KGW-Budachowianki-201018-152634-300x200.jpg 300w, https:\/\/budachowianki.pl\/wp-content\/uploads\/2022\/09\/KGW-Budachowianki-201018-152634-768x512.jpg 768w, https:\/\/budachowianki.pl\/wp-content\/uploads\/2022\/09\/KGW-Budachowianki-201018-152634-1536x1024.jpg 1536w, https:\/\/budachowianki.pl\/wp-content\/uploads\/2022\/09\/KGW-Budachowianki-201018-152634.jpg 1920w\" sizes=\"auto, (max-width: 1024px) 100vw, 1024px\" \/><\/a><\/figure>\n\n\n\n<p><br>Uczymy si\u0119 rozpoznawa\u0107 dzikie ro\u015bliny i zio\u0142a z ogrod\u00f3w i \u0142\u0105k. Uczymy si\u0119 rozr\u00f3\u017cnia\u0107 gatunki po\u017cyteczne dla cz\u0142owieka, a tak\u017ce te niezb\u0119dne dla przetrwania r\u00f3\u017cnych gatunk\u00f3w zwierz\u0105t. Zg\u0142\u0119biamy tak\u017ce tajniki \u201cdzikiej\u201d kuchni. \u00a0Takiej, w kt\u00f3rej popularne chwasty \u017c\u00f3\u0142tlica, gwiazdnica czy kurdybanek s\u0105 r\u00f3wnoprawnymi sk\u0142adnikami da\u0144. Uczymy si\u0119 od natury, s\u0142uchamy do\u015bwiadczenia starszych oraz mamy wielki apetyt na wiedz\u0119 i kolejne do\u015bwiadczenia.<\/p>\n\n\n\n<figure class=\"wp-block-image size-large\"><a href=\"https:\/\/budachowianki.pl\/wp-content\/uploads\/2022\/09\/KGW-Budachowianki-210613-135941.jpg\"><img loading=\"lazy\" decoding=\"async\" width=\"1024\" height=\"683\" src=\"https:\/\/budachowianki.pl\/wp-content\/uploads\/2022\/09\/KGW-Budachowianki-210613-135941-1024x683.jpg\" alt=\"\" class=\"wp-image-141\" srcset=\"https:\/\/budachowianki.pl\/wp-content\/uploads\/2022\/09\/KGW-Budachowianki-210613-135941-1024x683.jpg 1024w, https:\/\/budachowianki.pl\/wp-content\/uploads\/2022\/09\/KGW-Budachowianki-210613-135941-300x200.jpg 300w, https:\/\/budachowianki.pl\/wp-content\/uploads\/2022\/09\/KGW-Budachowianki-210613-135941-768x512.jpg 768w, https:\/\/budachowianki.pl\/wp-content\/uploads\/2022\/09\/KGW-Budachowianki-210613-135941-1536x1024.jpg 1536w, https:\/\/budachowianki.pl\/wp-content\/uploads\/2022\/09\/KGW-Budachowianki-210613-135941.jpg 1920w\" sizes=\"auto, (max-width: 1024px) 100vw, 1024px\" \/><\/a><\/figure>\n\n\n\n<p><br>Opiekujemy si\u0119 ogrodami spo\u0142ecznymi. Pokazujemy dzieciom, jak wa\u017cne s\u0105 krzewy i kwiaty, kt\u00f3re s\u0105 po\u017cywieniem dla zapylaczy i ptak\u00f3w. Co sia\u0107 i sadzi\u0107, aby dzikie zwierz\u0119ta mog\u0142y \u017cy\u0107 bezpiecznie. Namawiamy do pozostawiania niewykoszonych cz\u0119\u015bci trawnik\u00f3w na terenie wsi i tworzenia tzw. \u201c\u0142\u0105k kwietnych\u201d.<br>Idziemy w przysz\u0142o\u015b\u0107 i czerpiemy z wiejskiej tradycji. Wie\u015b to dla nas najlepsze i najpi\u0119kniejsze miejsce do \u017cycia i \u017cr\u00f3d\u0142o inspiracji. Takim spojrzeniem chcemy inspirowa\u0107 innych.<\/p>\n","protected":false},"excerpt":{"rendered":"<p>Kochamy \u017cycie na wsi i chcemy to tak\u017ce pokaza\u0107 innym. Tradycja, mi\u0142o\u015b\u0107 do natury, szacunek dla ziemi &#8211; to wszystko nas \u0142\u0105czy w grup\u0119 os\u00f3b szanuj\u0105cych to, co nas otacza. Szczeg\u00f3ln\u0105 uwag\u0119 zwracamy na problemy zwi\u0105zane z degradacj\u0105 \u015brodowiska, wymieraniem dzikich gatunk\u00f3w zwierz\u0105t i ubo\u017ceniem gleb. Staramy si\u0119 poprzez nasze proste dzia\u0142ania i ma\u0142e kroki&#8230;<\/p>\n","protected":false},"author":1,"featured_media":0,"parent":0,"menu_order":0,"comment_status":"closed","ping_status":"closed","template":"","meta":{"_kad_blocks_custom_css":"","_kad_blocks_head_custom_js":"","_kad_blocks_body_custom_js":"","_kad_blocks_footer_custom_js":"","_kad_post_transparent":"","_kad_post_title":"","_kad_post_layout":"","_kad_post_sidebar_id":"","_kad_post_content_style":"","_kad_post_vertical_padding":"","_kad_post_feature":"","_kad_post_feature_position":"","_kad_post_header":false,"_kad_post_footer":false,"footnotes":""},"class_list":["post-15","page","type-page","status-publish","hentry"],"yoast_head":"<!-- This site is optimized with the Yoast SEO plugin v24.4 - https:\/\/yoast.com\/wordpress\/plugins\/seo\/ -->\n<title>O nas - KGW Budachowianki<\/title>\n<meta name=\"robots\" content=\"index, follow, max-snippet:-1, max-image-preview:large, max-video-preview:-1\" \/>\n<link rel=\"canonical\" href=\"https:\/\/budachowianki.pl\/\" \/>\n<meta property=\"og:locale\" content=\"pl_PL\" \/>\n<meta property=\"og:type\" content=\"article\" \/>\n<meta property=\"og:title\" content=\"O nas - KGW Budachowianki\" \/>\n<meta property=\"og:description\" content=\"Kochamy \u017cycie na wsi i chcemy to tak\u017ce pokaza\u0107 innym. Tradycja, mi\u0142o\u015b\u0107 do natury, szacunek dla ziemi &#8211; to wszystko nas \u0142\u0105czy w grup\u0119 os\u00f3b szanuj\u0105cych to, co nas otacza. Szczeg\u00f3ln\u0105 uwag\u0119 zwracamy na problemy zwi\u0105zane z degradacj\u0105 \u015brodowiska, wymieraniem dzikich gatunk\u00f3w zwierz\u0105t i ubo\u017ceniem gleb. Staramy si\u0119 poprzez nasze proste dzia\u0142ania i ma\u0142e kroki...\" \/>\n<meta property=\"og:url\" content=\"https:\/\/budachowianki.pl\/\" \/>\n<meta property=\"og:site_name\" content=\"KGW Budachowianki\" \/>\n<meta property=\"article:publisher\" content=\"https:\/\/www.facebook.com\/Budachowianki\" \/>\n<meta property=\"article:modified_time\" content=\"2025-07-24T10:38:43+00:00\" \/>\n<meta property=\"og:image\" content=\"https:\/\/budachowianki.pl\/wp-content\/uploads\/2022\/09\/KGW-Budachowianki-201018-152634.jpg\" \/>\n\t<meta property=\"og:image:width\" content=\"1920\" \/>\n\t<meta property=\"og:image:height\" content=\"1280\" \/>\n\t<meta property=\"og:image:type\" content=\"image\/jpeg\" \/>\n<meta name=\"twitter:card\" content=\"summary_large_image\" \/>\n<meta name=\"twitter:label1\" content=\"Szacowany czas czytania\" \/>\n\t<meta name=\"twitter:data1\" content=\"2 minuty\" \/>\n<script type=\"application\/ld+json\" class=\"yoast-schema-graph\">{\"@context\":\"https:\/\/schema.org\",\"@graph\":[{\"@type\":\"WebPage\",\"@id\":\"https:\/\/budachowianki.pl\/\",\"url\":\"https:\/\/budachowianki.pl\/\",\"name\":\"O nas - KGW Budachowianki\",\"isPartOf\":{\"@id\":\"https:\/\/budachowianki.pl\/#website\"},\"primaryImageOfPage\":{\"@id\":\"https:\/\/budachowianki.pl\/#primaryimage\"},\"image\":{\"@id\":\"https:\/\/budachowianki.pl\/#primaryimage\"},\"thumbnailUrl\":\"https:\/\/budachowianki.pl\/wp-content\/uploads\/2022\/09\/KGW-Budachowianki-201018-152634-1024x683.jpg\",\"datePublished\":\"2021-09-28T20:03:16+00:00\",\"dateModified\":\"2025-07-24T10:38:43+00:00\",\"breadcrumb\":{\"@id\":\"https:\/\/budachowianki.pl\/#breadcrumb\"},\"inLanguage\":\"pl-PL\",\"potentialAction\":[{\"@type\":\"ReadAction\",\"target\":[\"https:\/\/budachowianki.pl\/\"]}]},{\"@type\":\"ImageObject\",\"inLanguage\":\"pl-PL\",\"@id\":\"https:\/\/budachowianki.pl\/#primaryimage\",\"url\":\"https:\/\/budachowianki.pl\/wp-content\/uploads\/2022\/09\/KGW-Budachowianki-201018-152634.jpg\",\"contentUrl\":\"https:\/\/budachowianki.pl\/wp-content\/uploads\/2022\/09\/KGW-Budachowianki-201018-152634.jpg\",\"width\":1920,\"height\":1280},{\"@type\":\"BreadcrumbList\",\"@id\":\"https:\/\/budachowianki.pl\/#breadcrumb\",\"itemListElement\":[{\"@type\":\"ListItem\",\"position\":1,\"name\":\"Strona g\u0142\u00f3wna\",\"item\":\"https:\/\/budachowianki.pl\/\"},{\"@type\":\"ListItem\",\"position\":2,\"name\":\"O nas\"}]},{\"@type\":\"WebSite\",\"@id\":\"https:\/\/budachowianki.pl\/#website\",\"url\":\"https:\/\/budachowianki.pl\/\",\"name\":\"KGW Budachowianki\",\"description\":\"Ko\u0142o Gospody\u0144 Wiejskich Budachowianki\",\"publisher\":{\"@id\":\"https:\/\/budachowianki.pl\/#organization\"},\"potentialAction\":[{\"@type\":\"SearchAction\",\"target\":{\"@type\":\"EntryPoint\",\"urlTemplate\":\"https:\/\/budachowianki.pl\/?s={search_term_string}\"},\"query-input\":{\"@type\":\"PropertyValueSpecification\",\"valueRequired\":true,\"valueName\":\"search_term_string\"}}],\"inLanguage\":\"pl-PL\"},{\"@type\":\"Organization\",\"@id\":\"https:\/\/budachowianki.pl\/#organization\",\"name\":\"KGW Budachowianki\",\"url\":\"https:\/\/budachowianki.pl\/\",\"logo\":{\"@type\":\"ImageObject\",\"inLanguage\":\"pl-PL\",\"@id\":\"https:\/\/budachowianki.pl\/#\/schema\/logo\/image\/\",\"url\":\"https:\/\/budachowianki.pl\/wp-content\/uploads\/2021\/09\/cropped-Budachowianki-logo-2020-09-25.png\",\"contentUrl\":\"https:\/\/budachowianki.pl\/wp-content\/uploads\/2021\/09\/cropped-Budachowianki-logo-2020-09-25.png\",\"width\":600,\"height\":600,\"caption\":\"KGW Budachowianki\"},\"image\":{\"@id\":\"https:\/\/budachowianki.pl\/#\/schema\/logo\/image\/\"},\"sameAs\":[\"https:\/\/www.facebook.com\/Budachowianki\"]}]}<\/script>\n<!-- \/ Yoast SEO plugin. -->","yoast_head_json":{"title":"O nas - KGW Budachowianki","robots":{"index":"index","follow":"follow","max-snippet":"max-snippet:-1","max-image-preview":"max-image-preview:large","max-video-preview":"max-video-preview:-1"},"canonical":"https:\/\/budachowianki.pl\/","og_locale":"pl_PL","og_type":"article","og_title":"O nas - KGW Budachowianki","og_description":"Kochamy \u017cycie na wsi i chcemy to tak\u017ce pokaza\u0107 innym. Tradycja, mi\u0142o\u015b\u0107 do natury, szacunek dla ziemi &#8211; to wszystko nas \u0142\u0105czy w grup\u0119 os\u00f3b szanuj\u0105cych to, co nas otacza. Szczeg\u00f3ln\u0105 uwag\u0119 zwracamy na problemy zwi\u0105zane z degradacj\u0105 \u015brodowiska, wymieraniem dzikich gatunk\u00f3w zwierz\u0105t i ubo\u017ceniem gleb. Staramy si\u0119 poprzez nasze proste dzia\u0142ania i ma\u0142e kroki...","og_url":"https:\/\/budachowianki.pl\/","og_site_name":"KGW Budachowianki","article_publisher":"https:\/\/www.facebook.com\/Budachowianki","article_modified_time":"2025-07-24T10:38:43+00:00","og_image":[{"width":1920,"height":1280,"url":"https:\/\/budachowianki.pl\/wp-content\/uploads\/2022\/09\/KGW-Budachowianki-201018-152634.jpg","type":"image\/jpeg"}],"twitter_card":"summary_large_image","twitter_misc":{"Szacowany czas czytania":"2 minuty"},"schema":{"@context":"https:\/\/schema.org","@graph":[{"@type":"WebPage","@id":"https:\/\/budachowianki.pl\/","url":"https:\/\/budachowianki.pl\/","name":"O nas - KGW Budachowianki","isPartOf":{"@id":"https:\/\/budachowianki.pl\/#website"},"primaryImageOfPage":{"@id":"https:\/\/budachowianki.pl\/#primaryimage"},"image":{"@id":"https:\/\/budachowianki.pl\/#primaryimage"},"thumbnailUrl":"https:\/\/budachowianki.pl\/wp-content\/uploads\/2022\/09\/KGW-Budachowianki-201018-152634-1024x683.jpg","datePublished":"2021-09-28T20:03:16+00:00","dateModified":"2025-07-24T10:38:43+00:00","breadcrumb":{"@id":"https:\/\/budachowianki.pl\/#breadcrumb"},"inLanguage":"pl-PL","potentialAction":[{"@type":"ReadAction","target":["https:\/\/budachowianki.pl\/"]}]},{"@type":"ImageObject","inLanguage":"pl-PL","@id":"https:\/\/budachowianki.pl\/#primaryimage","url":"https:\/\/budachowianki.pl\/wp-content\/uploads\/2022\/09\/KGW-Budachowianki-201018-152634.jpg","contentUrl":"https:\/\/budachowianki.pl\/wp-content\/uploads\/2022\/09\/KGW-Budachowianki-201018-152634.jpg","width":1920,"height":1280},{"@type":"BreadcrumbList","@id":"https:\/\/budachowianki.pl\/#breadcrumb","itemListElement":[{"@type":"ListItem","position":1,"name":"Strona g\u0142\u00f3wna","item":"https:\/\/budachowianki.pl\/"},{"@type":"ListItem","position":2,"name":"O nas"}]},{"@type":"WebSite","@id":"https:\/\/budachowianki.pl\/#website","url":"https:\/\/budachowianki.pl\/","name":"KGW Budachowianki","description":"Ko\u0142o Gospody\u0144 Wiejskich Budachowianki","publisher":{"@id":"https:\/\/budachowianki.pl\/#organization"},"potentialAction":[{"@type":"SearchAction","target":{"@type":"EntryPoint","urlTemplate":"https:\/\/budachowianki.pl\/?s={search_term_string}"},"query-input":{"@type":"PropertyValueSpecification","valueRequired":true,"valueName":"search_term_string"}}],"inLanguage":"pl-PL"},{"@type":"Organization","@id":"https:\/\/budachowianki.pl\/#organization","name":"KGW Budachowianki","url":"https:\/\/budachowianki.pl\/","logo":{"@type":"ImageObject","inLanguage":"pl-PL","@id":"https:\/\/budachowianki.pl\/#\/schema\/logo\/image\/","url":"https:\/\/budachowianki.pl\/wp-content\/uploads\/2021\/09\/cropped-Budachowianki-logo-2020-09-25.png","contentUrl":"https:\/\/budachowianki.pl\/wp-content\/uploads\/2021\/09\/cropped-Budachowianki-logo-2020-09-25.png","width":600,"height":600,"caption":"KGW Budachowianki"},"image":{"@id":"https:\/\/budachowianki.pl\/#\/schema\/logo\/image\/"},"sameAs":["https:\/\/www.facebook.com\/Budachowianki"]}]}},"taxonomy_info":[],"featured_image_src_large":false,"author_info":{"display_name":"admin","author_link":"https:\/\/budachowianki.pl\/index.php\/author\/admin\/"},"comment_info":0,"_links":{"self":[{"href":"https:\/\/budachowianki.pl\/index.php\/wp-json\/wp\/v2\/pages\/15","targetHints":{"allow":["GET"]}}],"collection":[{"href":"https:\/\/budachowianki.pl\/index.php\/wp-json\/wp\/v2\/pages"}],"about":[{"href":"https:\/\/budachowianki.pl\/index.php\/wp-json\/wp\/v2\/types\/page"}],"author":[{"embeddable":true,"href":"https:\/\/budachowianki.pl\/index.php\/wp-json\/wp\/v2\/users\/1"}],"replies":[{"embeddable":true,"href":"https:\/\/budachowianki.pl\/index.php\/wp-json\/wp\/v2\/comments?post=15"}],"version-history":[{"count":6,"href":"https:\/\/budachowianki.pl\/index.php\/wp-json\/wp\/v2\/pages\/15\/revisions"}],"predecessor-version":[{"id":253,"href":"https:\/\/budachowianki.pl\/index.php\/wp-json\/wp\/v2\/pages\/15\/revisions\/253"}],"wp:attachment":[{"href":"https:\/\/budachowianki.pl\/index.php\/wp-json\/wp\/v2\/media?parent=15"}],"curies":[{"name":"wp","href":"https:\/\/api.w.org\/{rel}","templated":true}]}}