{"id":197,"date":"2025-02-06T19:12:15","date_gmt":"2025-02-06T18:12:15","guid":{"rendered":"https:\/\/budachowianki.pl\/?page_id=197"},"modified":"2025-02-06T19:27:43","modified_gmt":"2025-02-06T18:27:43","slug":"przepisy","status":"publish","type":"page","link":"https:\/\/budachowianki.pl\/index.php\/przepisy\/","title":{"rendered":"Przepisy Budachowianek"},"content":{"rendered":"<div class=\"wp-block-kadence-posts kb-posts kb-posts-id-197_b2397b-f3 content-wrap grid-cols kb-posts-style-boxed grid-sm-col-2 grid-lg-col-3 item-image-style-above\"><article class=\"entry content-bg loop-entry post-207 post type-post status-publish format-standard hentry category-kwiaty-jadalne\">\n\t\t<div class=\"entry-content-wrap\">\n\t\t<header class=\"entry-header\">\n\t\t<div class=\"entry-taxonomies\">\n\t\t<span class=\"category-links term-links category-style-normal\">\n\t\t\t<a href=\"https:\/\/budachowianki.pl\/index.php\/category\/kwiaty-jadalne\/\" rel=\"category tag\">kwiaty jadalne<\/a>\t\t<\/span>\n\t<\/div><!-- .entry-taxonomies -->\n\t<h2 class=\"entry-title\"><a href=\"https:\/\/budachowianki.pl\/index.php\/2025\/02\/06\/dzem-z-kwiatow-magnolii\/\" rel=\"bookmark\">D\u017cem z kwiat\u00f3w magnolii.<\/a><\/h2><\/header><!-- .entry-header -->\n\t<div class=\"entry-summary\">\n\t\t<p>Absolutny hit tej wiosny z kuchni Kamili Kasperskiej z Anielskich Ogrod\u00f3w.D\u017cem jest niesamowity. Podobny do konfitury r\u00f3\u017cy, zachowuje kolor, zapach i bardzo ciekawy, lekko \u017cywiczny smak magnolii. Sk\u0142adniki:Kwiaty magnolii \u2013 ok. 30 szt.Cukier &#8211; 30 dkgCytryna &#8211; sok z 2 cytrynPektyna jab\u0142kowa &#8211; 15 g \u015awie\u017ce i czyste p\u0142atki kwiat\u00f3w magnolii z cukrem, sokiem z&#8230;<\/p>\n\t<\/div><!-- .entry-summary -->\n\t<footer class=\"entry-footer\">\n\t\t\t<div class=\"entry-actions\">\n\t\t\t<p class=\"more-link-wrap\">\n\t\t\t\t<a href=\"https:\/\/budachowianki.pl\/index.php\/2025\/02\/06\/dzem-z-kwiatow-magnolii\/\" class=\"post-more-link\">\n\t\t\t\t\tczytaj dalej &#8230;<span class=\"screen-reader-text\"> D\u017cem z kwiat\u00f3w magnolii.<\/span><span class=\"kadence-svg-iconset svg-baseline\"><svg aria-hidden=\"true\" class=\"kadence-svg-icon kadence-arrow-right-alt-svg\" fill=\"currentColor\" version=\"1.1\" xmlns=\"http:\/\/www.w3.org\/2000\/svg\" width=\"27\" height=\"28\" viewBox=\"0 0 27 28\"><title>Kontynuuj<\/title><path d=\"M27 13.953c0 0.141-0.063 0.281-0.156 0.375l-6 5.531c-0.156 0.141-0.359 0.172-0.547 0.094-0.172-0.078-0.297-0.25-0.297-0.453v-3.5h-19.5c-0.281 0-0.5-0.219-0.5-0.5v-3c0-0.281 0.219-0.5 0.5-0.5h19.5v-3.5c0-0.203 0.109-0.375 0.297-0.453s0.391-0.047 0.547 0.078l6 5.469c0.094 0.094 0.156 0.219 0.156 0.359v0z\"><\/path>\n\t\t\t<\/svg><\/span>\t\t\t\t<\/a>\n\t\t\t<\/p>\n\t\t<\/div><!-- .entry-actions -->\n\t\t<\/footer><!-- .entry-footer -->\t<\/div>\n<\/article>\n<article class=\"entry content-bg loop-entry post-228 post type-post status-publish format-standard hentry category-ciasta\">\n\t\t<div class=\"entry-content-wrap\">\n\t\t<header class=\"entry-header\">\n\t\t<div class=\"entry-taxonomies\">\n\t\t<span class=\"category-links term-links category-style-normal\">\n\t\t\t<a href=\"https:\/\/budachowianki.pl\/index.php\/category\/ciasta\/\" rel=\"category tag\">ciasta<\/a>\t\t<\/span>\n\t<\/div><!-- .entry-taxonomies -->\n\t<h2 class=\"entry-title\"><a href=\"https:\/\/budachowianki.pl\/index.php\/2025\/02\/06\/faworki\/\" rel=\"bookmark\">Faworki<\/a><\/h2><\/header><!-- .entry-header -->\n\t<div class=\"entry-summary\">\n\t\t<p>&#x1f49a; R\u00f3\u017ce karnawa\u0142owe i faworki robi\u0119 z tego samego ciasta &#x1f970;Wszystkie produkty na ciasto wsypuj\u0119 do miski.Kr\u00f3tko zagniatam r\u0119k\u0105 do po\u0142\u0105czenia sk\u0142adnik\u00f3w.Zostawiam na chwil\u0119 \u017ceby ciasto odpocz\u0119\u0142o w ch\u0142odnym miejscu.Sch\u0142odzone ciasto \u0142atwiej cienko rozwa\u0142kowa\u0107.Ciasto wa\u0142kuj\u0119 najcieniej jak si\u0119 da. &#x1f49a; Na chrusty tn\u0119 pod\u0142u\u017cne prostok\u0105ty, nacinam po \u015brodku i przewracam przez naci\u0119cie na drug\u0105 stron\u0119.&#x1f49a;&#8230;<\/p>\n\t<\/div><!-- .entry-summary -->\n\t<footer class=\"entry-footer\">\n\t\t\t<div class=\"entry-actions\">\n\t\t\t<p class=\"more-link-wrap\">\n\t\t\t\t<a href=\"https:\/\/budachowianki.pl\/index.php\/2025\/02\/06\/faworki\/\" class=\"post-more-link\">\n\t\t\t\t\tczytaj dalej &#8230;<span class=\"screen-reader-text\"> Faworki<\/span><span class=\"kadence-svg-iconset svg-baseline\"><svg aria-hidden=\"true\" class=\"kadence-svg-icon kadence-arrow-right-alt-svg\" fill=\"currentColor\" version=\"1.1\" xmlns=\"http:\/\/www.w3.org\/2000\/svg\" width=\"27\" height=\"28\" viewBox=\"0 0 27 28\"><title>Kontynuuj<\/title><path d=\"M27 13.953c0 0.141-0.063 0.281-0.156 0.375l-6 5.531c-0.156 0.141-0.359 0.172-0.547 0.094-0.172-0.078-0.297-0.25-0.297-0.453v-3.5h-19.5c-0.281 0-0.5-0.219-0.5-0.5v-3c0-0.281 0.219-0.5 0.5-0.5h19.5v-3.5c0-0.203 0.109-0.375 0.297-0.453s0.391-0.047 0.547 0.078l6 5.469c0.094 0.094 0.156 0.219 0.156 0.359v0z\"><\/path>\n\t\t\t<\/svg><\/span>\t\t\t\t<\/a>\n\t\t\t<\/p>\n\t\t<\/div><!-- .entry-actions -->\n\t\t<\/footer><!-- .entry-footer -->\t<\/div>\n<\/article>\n<article class=\"entry content-bg loop-entry post-209 post type-post status-publish format-standard hentry category-kiszonki category-warzywa\">\n\t\t<div class=\"entry-content-wrap\">\n\t\t<header class=\"entry-header\">\n\t\t<div class=\"entry-taxonomies\">\n\t\t<span class=\"category-links term-links category-style-normal\">\n\t\t\t<a href=\"https:\/\/budachowianki.pl\/index.php\/category\/kiszonki\/\" rel=\"category tag\">kiszonki<\/a>|<a href=\"https:\/\/budachowianki.pl\/index.php\/category\/warzywa\/\" rel=\"category tag\">warzywa<\/a>\t\t<\/span>\n\t<\/div><!-- .entry-taxonomies -->\n\t<h2 class=\"entry-title\"><a href=\"https:\/\/budachowianki.pl\/index.php\/2025\/02\/06\/kiszona-fasolka-szparagowa\/\" rel=\"bookmark\">Kiszona fasolka szparagowa<\/a><\/h2><\/header><!-- .entry-header -->\n\t<div class=\"entry-summary\">\n\t\t<p>\u015awietny i sprawdzony przepis&nbsp;proso od Kamili Kasperskiej z Anielskich Ogrod\u00f3w. \u2460 Zrywam \u015bwie\u017c\u0105 fasolk\u0119.\u2461 Dok\u0142adnie myj\u0119 i odcinam oba ko\u0144ce.\u2462 Blanszuj\u0119: obgotowuj\u0119 5 minut w osolonym wrz\u0105tku i wrzucam do zimnej wody, odcedzam.\u2463 Wk\u0142adam do wyparzonego s\u0142oja.\u2464 Dodaj\u0119 pieprz w kulkach, 3-4 z\u0105bki czosnku, kawa\u0142ek \u015bwie\u017cego korzenia chrzanu. Generalnie do fasolki dodajemy przyprawy jak do&#8230;<\/p>\n\t<\/div><!-- .entry-summary -->\n\t<footer class=\"entry-footer\">\n\t\t\t<div class=\"entry-actions\">\n\t\t\t<p class=\"more-link-wrap\">\n\t\t\t\t<a href=\"https:\/\/budachowianki.pl\/index.php\/2025\/02\/06\/kiszona-fasolka-szparagowa\/\" class=\"post-more-link\">\n\t\t\t\t\tczytaj dalej &#8230;<span class=\"screen-reader-text\"> Kiszona fasolka szparagowa<\/span><span class=\"kadence-svg-iconset svg-baseline\"><svg aria-hidden=\"true\" class=\"kadence-svg-icon kadence-arrow-right-alt-svg\" fill=\"currentColor\" version=\"1.1\" xmlns=\"http:\/\/www.w3.org\/2000\/svg\" width=\"27\" height=\"28\" viewBox=\"0 0 27 28\"><title>Kontynuuj<\/title><path d=\"M27 13.953c0 0.141-0.063 0.281-0.156 0.375l-6 5.531c-0.156 0.141-0.359 0.172-0.547 0.094-0.172-0.078-0.297-0.25-0.297-0.453v-3.5h-19.5c-0.281 0-0.5-0.219-0.5-0.5v-3c0-0.281 0.219-0.5 0.5-0.5h19.5v-3.5c0-0.203 0.109-0.375 0.297-0.453s0.391-0.047 0.547 0.078l6 5.469c0.094 0.094 0.156 0.219 0.156 0.359v0z\"><\/path>\n\t\t\t<\/svg><\/span>\t\t\t\t<\/a>\n\t\t\t<\/p>\n\t\t<\/div><!-- .entry-actions -->\n\t\t<\/footer><!-- .entry-footer -->\t<\/div>\n<\/article>\n<article class=\"entry content-bg loop-entry post-232 post type-post status-publish format-standard hentry category-ciasta\">\n\t\t<div class=\"entry-content-wrap\">\n\t\t<header class=\"entry-header\">\n\t\t<div class=\"entry-taxonomies\">\n\t\t<span class=\"category-links term-links category-style-normal\">\n\t\t\t<a href=\"https:\/\/budachowianki.pl\/index.php\/category\/ciasta\/\" rel=\"category tag\">ciasta<\/a>\t\t<\/span>\n\t<\/div><!-- .entry-taxonomies -->\n\t<h2 class=\"entry-title\"><a href=\"https:\/\/budachowianki.pl\/index.php\/2025\/02\/06\/paczki\/\" rel=\"bookmark\">P\u0105czki<\/a><\/h2><\/header><!-- .entry-header -->\n\t<div class=\"entry-summary\">\n\t\t<p>Pyszne, tradycyjne p\u0105czki domowe z Anielskich Ogrod\u00f3w.&#x1f49a; Idealne p\u0105czki s\u0105 puszyste i mi\u0119kkie.&#x1f49a; Maj\u0105 chrupi\u0105c\u0105 sk\u00f3rk\u0119 i cieniutki lukier.&#x1f49a; Pachn\u0105 sk\u00f3rk\u0105 pomara\u0144czow\u0105. I te w\u0142a\u015bnie takie s\u0105.&#x2764;&#xfe0f; Sk\u0142adniki na ciasto:M\u0105ka tortowa \u2013 1 kilogram,Cukier \u2013 150 gram,Mas\u0142o \u2013 100 gram,\u015awie\u017ce dro\u017cd\u017ce \u2013 100 gram,Mleko \u2013 \u00bd litra,\u017b\u00f3\u0142tka \u2013 10 sztuk,Spirytus \u2013 20 mililitr\u00f3w,S\u00f3l \u2013 szczypta&#x2764;&#xfe0f;&#8230;<\/p>\n\t<\/div><!-- .entry-summary -->\n\t<footer class=\"entry-footer\">\n\t\t\t<div class=\"entry-actions\">\n\t\t\t<p class=\"more-link-wrap\">\n\t\t\t\t<a href=\"https:\/\/budachowianki.pl\/index.php\/2025\/02\/06\/paczki\/\" class=\"post-more-link\">\n\t\t\t\t\tczytaj dalej &#8230;<span class=\"screen-reader-text\"> P\u0105czki<\/span><span class=\"kadence-svg-iconset svg-baseline\"><svg aria-hidden=\"true\" class=\"kadence-svg-icon kadence-arrow-right-alt-svg\" fill=\"currentColor\" version=\"1.1\" xmlns=\"http:\/\/www.w3.org\/2000\/svg\" width=\"27\" height=\"28\" viewBox=\"0 0 27 28\"><title>Kontynuuj<\/title><path d=\"M27 13.953c0 0.141-0.063 0.281-0.156 0.375l-6 5.531c-0.156 0.141-0.359 0.172-0.547 0.094-0.172-0.078-0.297-0.25-0.297-0.453v-3.5h-19.5c-0.281 0-0.5-0.219-0.5-0.5v-3c0-0.281 0.219-0.5 0.5-0.5h19.5v-3.5c0-0.203 0.109-0.375 0.297-0.453s0.391-0.047 0.547 0.078l6 5.469c0.094 0.094 0.156 0.219 0.156 0.359v0z\"><\/path>\n\t\t\t<\/svg><\/span>\t\t\t\t<\/a>\n\t\t\t<\/p>\n\t\t<\/div><!-- .entry-actions -->\n\t\t<\/footer><!-- .entry-footer -->\t<\/div>\n<\/article>\n<article class=\"entry content-bg loop-entry post-220 post type-post status-publish format-standard hentry category-ozdoby\">\n\t\t<div class=\"entry-content-wrap\">\n\t\t<header class=\"entry-header\">\n\t\t<div class=\"entry-taxonomies\">\n\t\t<span class=\"category-links term-links category-style-normal\">\n\t\t\t<a href=\"https:\/\/budachowianki.pl\/index.php\/category\/ozdoby\/\" rel=\"category tag\">ozdoby<\/a>\t\t<\/span>\n\t<\/div><!-- .entry-taxonomies -->\n\t<h2 class=\"entry-title\"><a href=\"https:\/\/budachowianki.pl\/index.php\/2024\/12\/22\/pisanki-malowane-natura\/\" rel=\"bookmark\">Pisanki malowane natur\u0105<\/a><\/h2><\/header><!-- .entry-header -->\n\t<div class=\"entry-summary\">\n\t\t<p>&#x1f499;&#x2764;&#x1f49a; Przepis na najpi\u0119kniejsze pisanki malowane natur\u0105. &#x1f49a;&#x2764;&#x1f499;&#x1f49a; Pi\u0119kne i oryginalne pisanki to niezwyk\u0142a ozdoba \u015bwi\u0105tecznego sto\u0142u. Wykonuj\u0119 je inspiruj\u0105c si\u0119 wzorami i kolorami prosto z ogrodu.&#x1f49a; Wszystkie dekoracje to \u201eodciski\u201d ro\u015blin. Kolory pochodz\u0105 z wywar\u00f3w warzywnych. &#x1f49a; Do zrobienia dwubarwnych pisanek potrzebujemy:&#x1f49b; Jajka z bia\u0142\u0105 skorupk\u0105.&#x1f49b; Czerwon\u0105 kapust\u0119.&#x1f49b; \u0141upiny od cebuli.&#x1f49b; Li\u015bcie i kwiaty&#8230;<\/p>\n\t<\/div><!-- .entry-summary -->\n\t<footer class=\"entry-footer\">\n\t\t\t<div class=\"entry-actions\">\n\t\t\t<p class=\"more-link-wrap\">\n\t\t\t\t<a href=\"https:\/\/budachowianki.pl\/index.php\/2024\/12\/22\/pisanki-malowane-natura\/\" class=\"post-more-link\">\n\t\t\t\t\tczytaj dalej &#8230;<span class=\"screen-reader-text\"> Pisanki malowane natur\u0105<\/span><span class=\"kadence-svg-iconset svg-baseline\"><svg aria-hidden=\"true\" class=\"kadence-svg-icon kadence-arrow-right-alt-svg\" fill=\"currentColor\" version=\"1.1\" xmlns=\"http:\/\/www.w3.org\/2000\/svg\" width=\"27\" height=\"28\" viewBox=\"0 0 27 28\"><title>Kontynuuj<\/title><path d=\"M27 13.953c0 0.141-0.063 0.281-0.156 0.375l-6 5.531c-0.156 0.141-0.359 0.172-0.547 0.094-0.172-0.078-0.297-0.25-0.297-0.453v-3.5h-19.5c-0.281 0-0.5-0.219-0.5-0.5v-3c0-0.281 0.219-0.5 0.5-0.5h19.5v-3.5c0-0.203 0.109-0.375 0.297-0.453s0.391-0.047 0.547 0.078l6 5.469c0.094 0.094 0.156 0.219 0.156 0.359v0z\"><\/path>\n\t\t\t<\/svg><\/span>\t\t\t\t<\/a>\n\t\t\t<\/p>\n\t\t<\/div><!-- .entry-actions -->\n\t\t<\/footer><!-- .entry-footer -->\t<\/div>\n<\/article>\n<article class=\"entry content-bg loop-entry post-194 post type-post status-publish format-standard hentry category-kiszonki category-warzywa\">\n\t\t<div class=\"entry-content-wrap\">\n\t\t<header class=\"entry-header\">\n\t\t<div class=\"entry-taxonomies\">\n\t\t<span class=\"category-links term-links category-style-normal\">\n\t\t\t<a href=\"https:\/\/budachowianki.pl\/index.php\/category\/kiszonki\/\" rel=\"category tag\">kiszonki<\/a>|<a href=\"https:\/\/budachowianki.pl\/index.php\/category\/warzywa\/\" rel=\"category tag\">warzywa<\/a>\t\t<\/span>\n\t<\/div><!-- .entry-taxonomies -->\n\t<h2 class=\"entry-title\"><a href=\"https:\/\/budachowianki.pl\/index.php\/2025\/02\/06\/zakwas-z-burakow\/\" rel=\"bookmark\">Zakwas z burak\u00f3w<\/a><\/h2><\/header><!-- .entry-header -->\n\t<div class=\"entry-summary\">\n\t\t<p>Przepis na zakwas.Sk\u0142adniki:&#x1f7e2; buraki lub buraki z marchewk\u0105 &#8211; 1 kg, najlepiej \u015bwie\u017co kopane, poniewa\u017c maj\u0105 wi\u0119cej soku ( w\u0142asne lub z innego dobrego \u017ar\u00f3d\u0142a), koniecznie \u201enie pryskane\u201d&#x1f7e2; woda &#8211; 2 litry,&#x1f7e2; s\u00f3l kamienna, niejodowana- 2 p\u0142askie \u0142y\u017cki,&#x1f7e2; czosnek &#8211; 5-6 z\u0105bk\u00f3w,&#x1f7e2; pieprz &#8211; kilkana\u015bcie ziaren,&#x1f7e2; ziele angielskie &#8211; 2 kulki,&#x1f7e2; li\u015b\u0107 laurowy &#8211; 1&#8230;<\/p>\n\t<\/div><!-- .entry-summary -->\n\t<footer class=\"entry-footer\">\n\t\t\t<div class=\"entry-actions\">\n\t\t\t<p class=\"more-link-wrap\">\n\t\t\t\t<a href=\"https:\/\/budachowianki.pl\/index.php\/2025\/02\/06\/zakwas-z-burakow\/\" class=\"post-more-link\">\n\t\t\t\t\tczytaj dalej &#8230;<span class=\"screen-reader-text\"> Zakwas z burak\u00f3w<\/span><span class=\"kadence-svg-iconset svg-baseline\"><svg aria-hidden=\"true\" class=\"kadence-svg-icon kadence-arrow-right-alt-svg\" fill=\"currentColor\" version=\"1.1\" xmlns=\"http:\/\/www.w3.org\/2000\/svg\" width=\"27\" height=\"28\" viewBox=\"0 0 27 28\"><title>Kontynuuj<\/title><path d=\"M27 13.953c0 0.141-0.063 0.281-0.156 0.375l-6 5.531c-0.156 0.141-0.359 0.172-0.547 0.094-0.172-0.078-0.297-0.25-0.297-0.453v-3.5h-19.5c-0.281 0-0.5-0.219-0.5-0.5v-3c0-0.281 0.219-0.5 0.5-0.5h19.5v-3.5c0-0.203 0.109-0.375 0.297-0.453s0.391-0.047 0.547 0.078l6 5.469c0.094 0.094 0.156 0.219 0.156 0.359v0z\"><\/path>\n\t\t\t<\/svg><\/span>\t\t\t\t<\/a>\n\t\t\t<\/p>\n\t\t<\/div><!-- .entry-actions -->\n\t\t<\/footer><!-- .entry-footer -->\t<\/div>\n<\/article>\n<\/div>","protected":false},"excerpt":{"rendered":"","protected":false},"author":1,"featured_media":0,"parent":0,"menu_order":0,"comment_status":"closed","ping_status":"closed","template":"","meta":{"_kad_blocks_custom_css":"","_kad_blocks_head_custom_js":"","_kad_blocks_body_custom_js":"","_kad_blocks_footer_custom_js":"","_kad_post_transparent":"","_kad_post_title":"","_kad_post_layout":"","_kad_post_sidebar_id":"","_kad_post_content_style":"","_kad_post_vertical_padding":"","_kad_post_feature":"","_kad_post_feature_position":"","_kad_post_header":false,"_kad_post_footer":false,"footnotes":""},"class_list":["post-197","page","type-page","status-publish","hentry"],"yoast_head":"<!-- This site is optimized with the Yoast SEO plugin v24.4 - https:\/\/yoast.com\/wordpress\/plugins\/seo\/ -->\n<title>Przepisy Budachowianek - KGW Budachowianki<\/title>\n<meta name=\"robots\" content=\"index, follow, max-snippet:-1, max-image-preview:large, max-video-preview:-1\" \/>\n<link rel=\"canonical\" href=\"https:\/\/budachowianki.pl\/index.php\/przepisy\/\" \/>\n<meta property=\"og:locale\" content=\"pl_PL\" \/>\n<meta property=\"og:type\" content=\"article\" \/>\n<meta property=\"og:title\" content=\"Przepisy Budachowianek - KGW Budachowianki\" \/>\n<meta property=\"og:url\" content=\"https:\/\/budachowianki.pl\/index.php\/przepisy\/\" \/>\n<meta property=\"og:site_name\" content=\"KGW Budachowianki\" \/>\n<meta property=\"article:publisher\" content=\"https:\/\/www.facebook.com\/Budachowianki\" \/>\n<meta property=\"article:modified_time\" content=\"2025-02-06T18:27:43+00:00\" \/>\n<meta name=\"twitter:card\" content=\"summary_large_image\" \/>\n<script type=\"application\/ld+json\" class=\"yoast-schema-graph\">{\"@context\":\"https:\/\/schema.org\",\"@graph\":[{\"@type\":\"WebPage\",\"@id\":\"https:\/\/budachowianki.pl\/index.php\/przepisy\/\",\"url\":\"https:\/\/budachowianki.pl\/index.php\/przepisy\/\",\"name\":\"Przepisy Budachowianek - KGW Budachowianki\",\"isPartOf\":{\"@id\":\"https:\/\/budachowianki.pl\/#website\"},\"datePublished\":\"2025-02-06T18:12:15+00:00\",\"dateModified\":\"2025-02-06T18:27:43+00:00\",\"breadcrumb\":{\"@id\":\"https:\/\/budachowianki.pl\/index.php\/przepisy\/#breadcrumb\"},\"inLanguage\":\"pl-PL\",\"potentialAction\":[{\"@type\":\"ReadAction\",\"target\":[\"https:\/\/budachowianki.pl\/index.php\/przepisy\/\"]}]},{\"@type\":\"BreadcrumbList\",\"@id\":\"https:\/\/budachowianki.pl\/index.php\/przepisy\/#breadcrumb\",\"itemListElement\":[{\"@type\":\"ListItem\",\"position\":1,\"name\":\"Strona g\u0142\u00f3wna\",\"item\":\"https:\/\/budachowianki.pl\/\"},{\"@type\":\"ListItem\",\"position\":2,\"name\":\"Przepisy Budachowianek\"}]},{\"@type\":\"WebSite\",\"@id\":\"https:\/\/budachowianki.pl\/#website\",\"url\":\"https:\/\/budachowianki.pl\/\",\"name\":\"KGW Budachowianki\",\"description\":\"Ko\u0142o Gospody\u0144 Wiejskich Budachowianki\",\"publisher\":{\"@id\":\"https:\/\/budachowianki.pl\/#organization\"},\"potentialAction\":[{\"@type\":\"SearchAction\",\"target\":{\"@type\":\"EntryPoint\",\"urlTemplate\":\"https:\/\/budachowianki.pl\/?s={search_term_string}\"},\"query-input\":{\"@type\":\"PropertyValueSpecification\",\"valueRequired\":true,\"valueName\":\"search_term_string\"}}],\"inLanguage\":\"pl-PL\"},{\"@type\":\"Organization\",\"@id\":\"https:\/\/budachowianki.pl\/#organization\",\"name\":\"KGW Budachowianki\",\"url\":\"https:\/\/budachowianki.pl\/\",\"logo\":{\"@type\":\"ImageObject\",\"inLanguage\":\"pl-PL\",\"@id\":\"https:\/\/budachowianki.pl\/#\/schema\/logo\/image\/\",\"url\":\"https:\/\/budachowianki.pl\/wp-content\/uploads\/2021\/09\/cropped-Budachowianki-logo-2020-09-25.png\",\"contentUrl\":\"https:\/\/budachowianki.pl\/wp-content\/uploads\/2021\/09\/cropped-Budachowianki-logo-2020-09-25.png\",\"width\":600,\"height\":600,\"caption\":\"KGW Budachowianki\"},\"image\":{\"@id\":\"https:\/\/budachowianki.pl\/#\/schema\/logo\/image\/\"},\"sameAs\":[\"https:\/\/www.facebook.com\/Budachowianki\"]}]}<\/script>\n<!-- \/ Yoast SEO plugin. -->","yoast_head_json":{"title":"Przepisy Budachowianek - KGW Budachowianki","robots":{"index":"index","follow":"follow","max-snippet":"max-snippet:-1","max-image-preview":"max-image-preview:large","max-video-preview":"max-video-preview:-1"},"canonical":"https:\/\/budachowianki.pl\/index.php\/przepisy\/","og_locale":"pl_PL","og_type":"article","og_title":"Przepisy Budachowianek - KGW Budachowianki","og_url":"https:\/\/budachowianki.pl\/index.php\/przepisy\/","og_site_name":"KGW Budachowianki","article_publisher":"https:\/\/www.facebook.com\/Budachowianki","article_modified_time":"2025-02-06T18:27:43+00:00","twitter_card":"summary_large_image","schema":{"@context":"https:\/\/schema.org","@graph":[{"@type":"WebPage","@id":"https:\/\/budachowianki.pl\/index.php\/przepisy\/","url":"https:\/\/budachowianki.pl\/index.php\/przepisy\/","name":"Przepisy Budachowianek - KGW Budachowianki","isPartOf":{"@id":"https:\/\/budachowianki.pl\/#website"},"datePublished":"2025-02-06T18:12:15+00:00","dateModified":"2025-02-06T18:27:43+00:00","breadcrumb":{"@id":"https:\/\/budachowianki.pl\/index.php\/przepisy\/#breadcrumb"},"inLanguage":"pl-PL","potentialAction":[{"@type":"ReadAction","target":["https:\/\/budachowianki.pl\/index.php\/przepisy\/"]}]},{"@type":"BreadcrumbList","@id":"https:\/\/budachowianki.pl\/index.php\/przepisy\/#breadcrumb","itemListElement":[{"@type":"ListItem","position":1,"name":"Strona g\u0142\u00f3wna","item":"https:\/\/budachowianki.pl\/"},{"@type":"ListItem","position":2,"name":"Przepisy Budachowianek"}]},{"@type":"WebSite","@id":"https:\/\/budachowianki.pl\/#website","url":"https:\/\/budachowianki.pl\/","name":"KGW Budachowianki","description":"Ko\u0142o Gospody\u0144 Wiejskich Budachowianki","publisher":{"@id":"https:\/\/budachowianki.pl\/#organization"},"potentialAction":[{"@type":"SearchAction","target":{"@type":"EntryPoint","urlTemplate":"https:\/\/budachowianki.pl\/?s={search_term_string}"},"query-input":{"@type":"PropertyValueSpecification","valueRequired":true,"valueName":"search_term_string"}}],"inLanguage":"pl-PL"},{"@type":"Organization","@id":"https:\/\/budachowianki.pl\/#organization","name":"KGW Budachowianki","url":"https:\/\/budachowianki.pl\/","logo":{"@type":"ImageObject","inLanguage":"pl-PL","@id":"https:\/\/budachowianki.pl\/#\/schema\/logo\/image\/","url":"https:\/\/budachowianki.pl\/wp-content\/uploads\/2021\/09\/cropped-Budachowianki-logo-2020-09-25.png","contentUrl":"https:\/\/budachowianki.pl\/wp-content\/uploads\/2021\/09\/cropped-Budachowianki-logo-2020-09-25.png","width":600,"height":600,"caption":"KGW Budachowianki"},"image":{"@id":"https:\/\/budachowianki.pl\/#\/schema\/logo\/image\/"},"sameAs":["https:\/\/www.facebook.com\/Budachowianki"]}]}},"taxonomy_info":[],"featured_image_src_large":false,"author_info":{"display_name":"admin","author_link":"https:\/\/budachowianki.pl\/index.php\/author\/admin\/"},"comment_info":0,"_links":{"self":[{"href":"https:\/\/budachowianki.pl\/index.php\/wp-json\/wp\/v2\/pages\/197","targetHints":{"allow":["GET"]}}],"collection":[{"href":"https:\/\/budachowianki.pl\/index.php\/wp-json\/wp\/v2\/pages"}],"about":[{"href":"https:\/\/budachowianki.pl\/index.php\/wp-json\/wp\/v2\/types\/page"}],"author":[{"embeddable":true,"href":"https:\/\/budachowianki.pl\/index.php\/wp-json\/wp\/v2\/users\/1"}],"replies":[{"embeddable":true,"href":"https:\/\/budachowianki.pl\/index.php\/wp-json\/wp\/v2\/comments?post=197"}],"version-history":[{"count":5,"href":"https:\/\/budachowianki.pl\/index.php\/wp-json\/wp\/v2\/pages\/197\/revisions"}],"predecessor-version":[{"id":206,"href":"https:\/\/budachowianki.pl\/index.php\/wp-json\/wp\/v2\/pages\/197\/revisions\/206"}],"wp:attachment":[{"href":"https:\/\/budachowianki.pl\/index.php\/wp-json\/wp\/v2\/media?parent=197"}],"curies":[{"name":"wp","href":"https:\/\/api.w.org\/{rel}","templated":true}]}}